{"id":23396,"date":"2022-02-25T05:28:55","date_gmt":"2022-02-25T05:28:55","guid":{"rendered":"https:\/\/pamivia.com\/product\/ensemble-de-table-a-manger-4-chaises-de-bureau-siege-de-reception-table-de-negociation-ronde-decontractee-pour-les-visiteurs\/"},"modified":"2022-06-29T20:42:57","modified_gmt":"2022-06-29T20:42:57","slug":"ensemble-de-table-a-manger-4-chaises-de-bureau-siege-de-reception-table-de-negociation-ronde-decontractee-pour-les-visiteurs","status":"publish","type":"product","link":"https:\/\/pamivia.com\/fr\/produit\/ensemble-de-table-a-manger-4-chaises-de-bureau-siege-de-reception-table-de-negociation-ronde-decontractee-pour-les-visiteurs\/","title":{"rendered":"Ensemble de table \u00e0 manger, 4 chaises de bureau, si\u00e8ge de r\u00e9ception, table de n\u00e9gociation, ronde, d\u00e9contract\u00e9e, pour les visiteurs"},"content":{"rendered":"<div>\n<div>\n<div>\n<div>\n<p><img data-recalc-dims=\"1\" decoding=\"async\" style=\"max-width: 750px; text-align: absmiddle;\" src=\"https:\/\/i0.wp.com\/ae01.alicdn.com\/kf\/Ha43bb08c38b643cfa075c7927c32abedn.jpg?w=1020\" align=\"absmiddle\" \/><img data-recalc-dims=\"1\" decoding=\"async\" style=\"max-width: 750px; text-align: absmiddle;\" src=\"https:\/\/i0.wp.com\/ae01.alicdn.com\/kf\/Hd1d024fd8c4b4f3dbff5b50d66cbfc4eK.jpg?w=1020\" align=\"absmiddle\" \/><img data-recalc-dims=\"1\" decoding=\"async\" style=\"max-width: 750px; text-align: absmiddle;\" src=\"https:\/\/i0.wp.com\/ae01.alicdn.com\/kf\/H7fc9a40bc11c4e06b9a93fea9e83d67dr.jpg?w=1020\" align=\"absmiddle\" \/><img data-recalc-dims=\"1\" decoding=\"async\" style=\"max-width: 750px; text-align: absmiddle;\" src=\"https:\/\/i0.wp.com\/ae01.alicdn.com\/kf\/Hc4f8aefae9d64a639ca4ce4316f26cf7x.jpg?w=1020\" align=\"absmiddle\" \/><img data-recalc-dims=\"1\" decoding=\"async\" style=\"max-width: 750px; text-align: absmiddle;\" src=\"https:\/\/i0.wp.com\/ae01.alicdn.com\/kf\/H9f9d115ddd4c46c1b3323636d4df5f82I.jpg?w=1020\" align=\"absmiddle\" \/><img data-recalc-dims=\"1\" decoding=\"async\" style=\"max-width: 750px; text-align: absmiddle;\" src=\"https:\/\/i0.wp.com\/ae01.alicdn.com\/kf\/H9832281bda704cb59b192d9bbd3f0e9eU.jpg?w=1020\" align=\"absmiddle\" \/><img data-recalc-dims=\"1\" decoding=\"async\" style=\"max-width: 750px; text-align: absmiddle;\" src=\"https:\/\/i0.wp.com\/ae01.alicdn.com\/kf\/H58dcdd3c2c984d98bf3538ebb8b810c12.jpg?w=1020\" align=\"absmiddle\" \/><img data-recalc-dims=\"1\" decoding=\"async\" style=\"max-width: 750px; text-align: absmiddle;\" src=\"https:\/\/i0.wp.com\/ae01.alicdn.com\/kf\/H93e22bed15824f389cd28e92472131dcK.jpg?w=1020\" align=\"absmiddle\" \/><img data-recalc-dims=\"1\" decoding=\"async\" style=\"max-width: 750px; text-align: absmiddle;\" src=\"https:\/\/i0.wp.com\/ae01.alicdn.com\/kf\/He84b317f164f48d0943ca4c59a883120O.jpg?w=1020\" align=\"absmiddle\" \/><img data-recalc-dims=\"1\" decoding=\"async\" style=\"max-width: 750px; text-align: absmiddle;\" src=\"https:\/\/i0.wp.com\/ae01.alicdn.com\/kf\/Hab3ec6d154f141298dcca88a4e9c0789E.jpg?w=1020\" align=\"absmiddle\" \/><img data-recalc-dims=\"1\" decoding=\"async\" style=\"max-width: 750px; text-align: absmiddle;\" src=\"https:\/\/i0.wp.com\/ae01.alicdn.com\/kf\/Hb93a65fff672403487fc387f3a4e3e30q.jpg?w=1020\" align=\"absmiddle\" \/><img data-recalc-dims=\"1\" decoding=\"async\" style=\"max-width: 750px; text-align: absmiddle;\" src=\"https:\/\/i0.wp.com\/ae01.alicdn.com\/kf\/H9694234877df474fa38614809d2d4ff4o.jpg?w=1020\" align=\"absmiddle\" \/><img data-recalc-dims=\"1\" decoding=\"async\" style=\"max-width: 750px; text-align: absmiddle;\" src=\"https:\/\/i0.wp.com\/ae01.alicdn.com\/kf\/H5d1757eca61c43c6bb8cedb7462daf0ei.jpg?w=1020\" align=\"absmiddle\" \/><img data-recalc-dims=\"1\" decoding=\"async\" style=\"max-width: 750px; text-align: absmiddle;\" src=\"https:\/\/i0.wp.com\/ae01.alicdn.com\/kf\/H69f84ef38ea840bcbf634c3dc9c85262k.jpg?w=1020\" align=\"absmiddle\" \/><img data-recalc-dims=\"1\" decoding=\"async\" style=\"max-width: 750px; text-align: absmiddle;\" src=\"https:\/\/i0.wp.com\/ae01.alicdn.com\/kf\/H5792778ac9ef4c3b97820b052e5c099bQ.jpg?w=1020\" align=\"absmiddle\" \/><img data-recalc-dims=\"1\" decoding=\"async\" style=\"max-width: 750px; text-align: absmiddle;\" src=\"https:\/\/i0.wp.com\/ae01.alicdn.com\/kf\/H0d2fa5ba7ae4401e89cb62c88b1d69e2C.jpg?w=1020\" align=\"absmiddle\" \/><img data-recalc-dims=\"1\" decoding=\"async\" style=\"max-width: 750px; text-align: absmiddle;\" src=\"https:\/\/i0.wp.com\/ae01.alicdn.com\/kf\/H5189b87cdda34b7c9c1bb2265184b100k.jpg?w=1020\" align=\"absmiddle\" \/><img data-recalc-dims=\"1\" decoding=\"async\" style=\"max-width: 750px; text-align: absmiddle;\" src=\"https:\/\/i0.wp.com\/ae01.alicdn.com\/kf\/H311e11aec2de4fb986662bf2492bf37b2.jpg?w=1020\" align=\"absmiddle\" \/><img data-recalc-dims=\"1\" decoding=\"async\" style=\"max-width: 750px; text-align: absmiddle;\" src=\"https:\/\/i0.wp.com\/ae01.alicdn.com\/kf\/H8011253e1da24933b04750a983bcba29m.jpg?w=1020\" align=\"absmiddle\" \/><img data-recalc-dims=\"1\" decoding=\"async\" style=\"max-width: 750px; text-align: absmiddle;\" src=\"https:\/\/i0.wp.com\/ae01.alicdn.com\/kf\/H900e65e1152a4354bbeae1b9beb2ec99o.jpg?w=1020\" align=\"absmiddle\" \/><\/p>\n<\/div>\n<\/div>\n<p>&nbsp;<\/p>\n<\/div>\n<\/div>","protected":false},"excerpt":{"rendered":"<p>&nbsp;<\/p>","protected":false},"featured_media":23451,"comment_status":"open","ping_status":"closed","template":"","meta":[],"product_brand":[],"product_cat":[155],"product_tag":[],"class_list":{"0":"post-23396","1":"product","2":"type-product","3":"status-publish","4":"has-post-thumbnail","6":"product_cat-home-accessories","8":"first","9":"instock","10":"taxable","11":"shipping-taxable","12":"purchasable","13":"product-type-variable"},"jetpack_sharing_enabled":true,"_links":{"self":[{"href":"https:\/\/pamivia.com\/fr\/wp-json\/wp\/v2\/product\/23396","targetHints":{"allow":["GET"]}}],"collection":[{"href":"https:\/\/pamivia.com\/fr\/wp-json\/wp\/v2\/product"}],"about":[{"href":"https:\/\/pamivia.com\/fr\/wp-json\/wp\/v2\/types\/product"}],"replies":[{"embeddable":true,"href":"https:\/\/pamivia.com\/fr\/wp-json\/wp\/v2\/comments?post=23396"}],"wp:featuredmedia":[{"embeddable":true,"href":"https:\/\/pamivia.com\/fr\/wp-json\/wp\/v2\/media\/23451"}],"wp:attachment":[{"href":"https:\/\/pamivia.com\/fr\/wp-json\/wp\/v2\/media?parent=23396"}],"wp:term":[{"taxonomy":"product_brand","embeddable":true,"href":"https:\/\/pamivia.com\/fr\/wp-json\/wp\/v2\/product_brand?post=23396"},{"taxonomy":"product_cat","embeddable":true,"href":"https:\/\/pamivia.com\/fr\/wp-json\/wp\/v2\/product_cat?post=23396"},{"taxonomy":"product_tag","embeddable":true,"href":"https:\/\/pamivia.com\/fr\/wp-json\/wp\/v2\/product_tag?post=23396"}],"curies":[{"name":"wp","href":"https:\/\/api.w.org\/{rel}","templated":true}]}}