{"id":19077,"date":"2021-01-09T02:43:50","date_gmt":"2021-01-09T02:43:50","guid":{"rendered":"https:\/\/pamivia.com\/product\/bebek-cocuk-cicek-guzel-dogum-gunu-elbiseleri-cocuk-giyim-toddler-dugun-prenses-elbise-aksam-parti-kostum-elbise-yay-ile\/"},"modified":"2021-01-09T03:45:37","modified_gmt":"2021-01-09T03:45:37","slug":"bebek-cocuk-cicek-guzel-dogum-gunu-elbiseleri-cocuk-giyim-toddler-dugun-prenses-elbise-aksam-parti-kostum-elbise-yay-ile","status":"publish","type":"product","link":"https:\/\/pamivia.com\/fr\/produit\/bebek-cocuk-cicek-guzel-dogum-gunu-elbiseleri-cocuk-giyim-toddler-dugun-prenses-elbise-aksam-parti-kostum-elbise-yay-ile\/","title":{"rendered":"Girl&#8217;s dress"},"content":{"rendered":"<div style=\"width: auto; height: auto; font-family: Arial, Helvetica, sans-serif; font-size: 16px;\" align=\"center\">\n<p style=\"margin: 0px; padding: 0px; border: 0px; font-style: normal; font-weight: 400; font-size: 16px; line-height: inherit; font-family: arial, helvetica, sans-serif; vertical-align: baseline; letter-spacing: normal; text-align: -webkit-center; text-indent: 0px; text-transform: none;\">\n<p style=\"margin: 0px; padding: 0px; border: 0px; font-style: normal; font-weight: 400; font-size: 16px; line-height: inherit; font-family: arial, helvetica, sans-serif; vertical-align: baseline; letter-spacing: normal; text-indent: 0px; text-transform: none; text-align: center;\"><img data-recalc-dims=\"1\" decoding=\"async\" style=\"margin: 0px; padding: 0px; border: none; font-style: inherit; font-variant: inherit; font-weight: inherit; font-size: 0px; line-height: inherit; font-family: inherit; vertical-align: middle; color: transparent;\" src=\"https:\/\/i0.wp.com\/ae01.alicdn.com\/kf\/HTB1qoIJajnuK1RkSmFPq6AuzFXav.jpg?w=1020\" \/><img data-recalc-dims=\"1\" decoding=\"async\" style=\"margin: 0px; padding: 0px; border: none; font-style: inherit; font-variant: inherit; font-weight: inherit; font-size: 0px; line-height: inherit; font-family: inherit; vertical-align: middle; color: transparent;\" src=\"https:\/\/i0.wp.com\/ae01.alicdn.com\/kf\/HTB1F9ZCaiHrK1Rjy0Flq6AsaFXaS.jpg?w=1020\" \/><\/p>\n<p style=\"margin: 0px; padding: 0px; border: 0px; font-style: normal; font-weight: 400; font-size: 16px; line-height: inherit; font-family: arial, helvetica, sans-serif; vertical-align: baseline; letter-spacing: normal; text-align: -webkit-center; text-indent: 0px; text-transform: none;\"><span style=\"margin: 0px; padding: 0px; border: 0px; font-style: inherit; font-variant: inherit; font-weight: inherit; font-size: 0px; line-height: inherit; font-family: inherit; vertical-align: baseline;\">K\u0131z elbise k\u0131z elbiseler yaz 2016 k\u0131z elbise k\u0131z elbise k\u0131z k\u0131z elbiseler \u00e7ocuklar k\u0131zlar i\u00e7in elbiseler \u00e7ocuk giyim prenses elbise bebek k\u0131z elbise bebek k\u0131z giysileri yaz elbisesi k\u0131z elbise k\u0131z \u00e7ocuk giysileri prenses sofia elbise prenses sofia elbise k\u0131z parti elbise yaz dre<\/span><img data-recalc-dims=\"1\" decoding=\"async\" style=\"margin: 0px; padding: 0px; border: none; font-style: inherit; font-variant: inherit; font-weight: inherit; font-size: 0px; line-height: inherit; font-family: inherit; vertical-align: middle; color: transparent;\" src=\"https:\/\/i0.wp.com\/ae01.alicdn.com\/kf\/Ua09b0ba424524e9f93aed3ca83681ade6.jpg?w=1020\" \/><\/p>\n<p style=\"margin: 0px; padding: 0px; border: 0px; font-style: normal; font-weight: 400; font-size: 16px; line-height: inherit; font-family: arial, helvetica, sans-serif; vertical-align: baseline; letter-spacing: normal; text-align: -webkit-center; text-indent: 0px; text-transform: none;\">\n<div style=\"font-family: arial, helvetica, sans-serif; font-size: 16px; font-style: normal; font-weight: 400; letter-spacing: normal; text-indent: 0px; text-transform: none;\" align=\"left\">\n<p style=\"margin: 0px; font-size: 14px; line-height: inherit; font-weight: 400;\" data-spm-anchor-id=\"a2g0o.detail.1000023.i0.21d76f09LaDWzu\">\n<\/div>\n<\/div>","protected":false},"excerpt":{"rendered":"<p>Princess looks beautiful and reassured. Dress for special occasions: wedding, graduation, baptism, birthday party.<\/p>","protected":false},"featured_media":19239,"comment_status":"open","ping_status":"closed","template":"","meta":[],"product_brand":[],"product_cat":[1996],"product_tag":[],"class_list":{"0":"post-19077","1":"product","2":"type-product","3":"status-publish","4":"has-post-thumbnail","6":"product_cat-babywear-babywear","8":"first","9":"instock","10":"sale","11":"taxable","12":"shipping-taxable","13":"purchasable","14":"product-type-variable"},"jetpack_sharing_enabled":true,"_links":{"self":[{"href":"https:\/\/pamivia.com\/fr\/wp-json\/wp\/v2\/product\/19077","targetHints":{"allow":["GET"]}}],"collection":[{"href":"https:\/\/pamivia.com\/fr\/wp-json\/wp\/v2\/product"}],"about":[{"href":"https:\/\/pamivia.com\/fr\/wp-json\/wp\/v2\/types\/product"}],"replies":[{"embeddable":true,"href":"https:\/\/pamivia.com\/fr\/wp-json\/wp\/v2\/comments?post=19077"}],"wp:featuredmedia":[{"embeddable":true,"href":"https:\/\/pamivia.com\/fr\/wp-json\/wp\/v2\/media\/19239"}],"wp:attachment":[{"href":"https:\/\/pamivia.com\/fr\/wp-json\/wp\/v2\/media?parent=19077"}],"wp:term":[{"taxonomy":"product_brand","embeddable":true,"href":"https:\/\/pamivia.com\/fr\/wp-json\/wp\/v2\/product_brand?post=19077"},{"taxonomy":"product_cat","embeddable":true,"href":"https:\/\/pamivia.com\/fr\/wp-json\/wp\/v2\/product_cat?post=19077"},{"taxonomy":"product_tag","embeddable":true,"href":"https:\/\/pamivia.com\/fr\/wp-json\/wp\/v2\/product_tag?post=19077"}],"curies":[{"name":"wp","href":"https:\/\/api.w.org\/{rel}","templated":true}]}}